{"id":33,"date":"2025-09-16T19:29:04","date_gmt":"2025-09-16T18:29:04","guid":{"rendered":"https:\/\/psychologwplenerze.pl\/?page_id=33"},"modified":"2025-10-16T10:39:46","modified_gmt":"2025-10-16T09:39:46","slug":"o-mnie","status":"publish","type":"page","link":"https:\/\/psychologwplenerze.pl\/index.php\/o-mnie\/","title":{"rendered":"O MNIE"},"content":{"rendered":"\n<div class=\"wp-block-group has-background has-global-padding is-layout-constrained wp-block-group-is-layout-constrained\" style=\"background-color:#f1f7f6;margin-top:0;margin-bottom:0;padding-top:var(--wp--preset--spacing--50);padding-bottom:var(--wp--preset--spacing--50)\">\n<div class=\"wp-block-columns are-vertically-aligned-center is-layout-flex wp-container-core-columns-is-layout-1a9727ad wp-block-columns-is-layout-flex\" style=\"margin-top:0;margin-bottom:0\">\n<div class=\"wp-block-column is-vertically-aligned-center is-layout-flow wp-block-column-is-layout-flow\">\n<div class=\"wp-block-cover hoverImageWrapper\" style=\"min-height:585px;aspect-ratio:unset;\"><img loading=\"lazy\" decoding=\"async\" width=\"280\" height=\"280\" class=\"wp-block-cover__image-background wp-image-53 size-full\" alt=\"O mnie\" src=\"https:\/\/psychologwplenerze.pl\/wp-content\/uploads\/2025\/10\/omnie1v10.png\" data-object-fit=\"cover\" srcset=\"https:\/\/psychologwplenerze.pl\/wp-content\/uploads\/2025\/10\/omnie1v10.png 280w, https:\/\/psychologwplenerze.pl\/wp-content\/uploads\/2025\/10\/omnie1v10-150x150.png 150w\" sizes=\"auto, (max-width: 280px) 100vw, 280px\" \/><span aria-hidden=\"true\" class=\"wp-block-cover__background has-background-dim-10 has-background-dim\" style=\"background-color:#877458\"><\/span><div class=\"wp-block-cover__inner-container is-layout-flow wp-block-cover-is-layout-flow\">\n<p><\/p>\n<\/div><\/div>\n<\/div>\n\n\n\n<div class=\"wp-block-column is-vertically-aligned-center is-layout-flow wp-block-column-is-layout-flow\">\n<p style=\"line-height:1.6\">Nazywam si\u0119 <strong>Iwona Pogroszewska<\/strong>, jestem psychologiem i&nbsp;<strong>absolwentk\u0105 SWPS Uniwersytetu&nbsp;Humanistycznospo\u0142ecznego.<\/strong>&nbsp;Pracuj\u0119 z doros\u0142ymi, kt\u00f3rzy chc\u0105 si\u0119 zatrzyma\u0107, uspokoi\u0107 umys\u0142 i odzyska\u0107 wewn\u0119trzn\u0105 r\u00f3wnowag\u0119.<\/p>\n\n\n\n<p>Na co dzie\u0144 cechuje mnie ciep\u0142o i uwa\u017cno\u015b\u0107. Wierz\u0119, \u017ce ka\u017cda rozmowa to szansa na zbudowanie zaufania i wzajemnego zrozumienia. W pracy stawiam na indywidualne podej\u015bcie oraz stworzenie bezpiecznej przestrzeni, w kt\u00f3rej mo\u017cna si\u0119 otworzy\u0107.<\/p>\n\n\n\n<p>Do\u015bwiadczenie pokazuje mi, \u017ce spotkania w plenerze \u2014 podczas spacer\u00f3w czy marsz\u00f3w \u2014 sprzyjaj\u0105 wyciszeniu i lepszemu poznaniu samego siebie. Kontakt z natur\u0105 oraz ruch pomagaj\u0105 lepiej radzi\u0107 sobie z emocjami i zmniejszy\u0107 codzienny stres.<\/p>\n\n\n\n<p>Sesje prowadz\u0119 g\u0142\u00f3wnie&nbsp;<strong>na \u015bwie\u017cym powietrzu<\/strong><strong>,<\/strong>&nbsp;ale w zale\u017cno\u015bci od potrzeb oferuj\u0119 tak\u017ce spotkania w domowym zaciszu.<\/p>\n\n\n\n<p style=\"line-height:1.6\">Mam du\u017co empatii, jestem przyjacielem ludzi i zwierz\u0105t.<\/p>\n<\/div>\n<\/div>\n<\/div>\n\n\n\n<p><\/p>\n","protected":false},"excerpt":{"rendered":"<p>Nazywam si\u0119 Iwona Pogroszewska, jestem psychologiem i&nbsp;absolwentk\u0105 SWPS Uniwersytetu&nbsp;Humanistycznospo\u0142ecznego.&nbsp;Pracuj\u0119 z doros\u0142ymi, kt\u00f3rzy chc\u0105 si\u0119 zatrzyma\u0107, uspokoi\u0107 umys\u0142 i odzyska\u0107 wewn\u0119trzn\u0105 r\u00f3wnowag\u0119. Na co dzie\u0144 cechuje mnie ciep\u0142o i uwa\u017cno\u015b\u0107. Wierz\u0119, \u017ce ka\u017cda rozmowa to szansa na zbudowanie zaufania i wzajemnego zrozumienia. W pracy stawiam na indywidualne podej\u015bcie oraz stworzenie bezpiecznej przestrzeni, w kt\u00f3rej mo\u017cna si\u0119 [&hellip;]<\/p>\n","protected":false},"author":1,"featured_media":0,"parent":0,"menu_order":0,"comment_status":"closed","ping_status":"closed","template":"","meta":{"footnotes":""},"class_list":["post-33","page","type-page","status-publish","hentry"],"_links":{"self":[{"href":"https:\/\/psychologwplenerze.pl\/index.php\/wp-json\/wp\/v2\/pages\/33","targetHints":{"allow":["GET"]}}],"collection":[{"href":"https:\/\/psychologwplenerze.pl\/index.php\/wp-json\/wp\/v2\/pages"}],"about":[{"href":"https:\/\/psychologwplenerze.pl\/index.php\/wp-json\/wp\/v2\/types\/page"}],"author":[{"embeddable":true,"href":"https:\/\/psychologwplenerze.pl\/index.php\/wp-json\/wp\/v2\/users\/1"}],"replies":[{"embeddable":true,"href":"https:\/\/psychologwplenerze.pl\/index.php\/wp-json\/wp\/v2\/comments?post=33"}],"version-history":[{"count":4,"href":"https:\/\/psychologwplenerze.pl\/index.php\/wp-json\/wp\/v2\/pages\/33\/revisions"}],"predecessor-version":[{"id":71,"href":"https:\/\/psychologwplenerze.pl\/index.php\/wp-json\/wp\/v2\/pages\/33\/revisions\/71"}],"wp:attachment":[{"href":"https:\/\/psychologwplenerze.pl\/index.php\/wp-json\/wp\/v2\/media?parent=33"}],"curies":[{"name":"wp","href":"https:\/\/api.w.org\/{rel}","templated":true}]}}